{"id":358,"date":"2025-09-02T11:58:33","date_gmt":"2025-09-02T11:58:33","guid":{"rendered":"https:\/\/tebster.pl\/?page_id=358"},"modified":"2026-01-08T13:04:55","modified_gmt":"2026-01-08T13:04:55","slug":"o-nas","status":"publish","type":"page","link":"https:\/\/tebster.pl\/?page_id=358","title":{"rendered":"O nas"},"content":{"rendered":"\n<p><\/p>\n\n\n\n<div class=\"wp-block-uagb-container uagb-block-cru67xe5 alignfull uagb-is-root-container\"><div class=\"uagb-container-inner-blocks-wrap\">\n<div class=\"wp-block-uagb-info-box uagb-block-j4qhlkjg uagb-infobox__content-wrap  uagb-infobox-icon-above-title uagb-infobox-image-valign-top wp-block-uagb-info-box--has-margin\"><div class=\"uagb-infobox-margin-wrapper\"><div class=\"uagb-ifb-content\"><div class=\"uagb-ifb-title-wrap\"><p class=\"uagb-ifb-title-prefix\">O FIRMIE<\/p><h2 class=\"uagb-ifb-title\"><strong>TEBSTER<\/strong><\/h2><\/div><p class=\"uagb-ifb-desc\">Systemy dla domu i gospodarstwa<\/p><\/div><\/div><\/div>\n\n\n\n<p class=\"has-text-align-center has-ast-global-color-4-color has-text-color has-link-color wp-elements-aa5bd844f6b53645731a2adba49c6403\">Specjalizujemy si\u0119 w rozwi\u0105zaniach bezpiecze\u0144stwa i automatyki dla dom\u00f3w, firm oraz gospodarstw rolnych. Dobieramy technologie, kt\u00f3re odpowiadaj\u0105 praktycznym potrzebom i sprawdzaj\u0105 si\u0119 w codziennym u\u017cytkowaniu. Oferujemy instalacje, kt\u00f3re zwi\u0119kszaj\u0105 komfort i bezpiecze\u0144stwo \u2013 od monitoringu i alarm\u00f3w, przez sterowniki ogrzewania pod\u0142ogowego i deszczowni, po systemy smart home. Ka\u017cdy projekt traktujemy indywidualnie, dbaj\u0105c o to, aby nasi klienci mieli pe\u0142n\u0105 kontrol\u0119 nad swoj\u0105 przestrzeni\u0105.<br><br>Zapewniamy kompleksow\u0105 obs\u0142ug\u0119: doradztwo, projekt, monta\u017c i serwis. Dzi\u0119ki temu klienci zyskuj\u0105 pewno\u015b\u0107, \u017ce ich rozwi\u0105zania dzia\u0142aj\u0105 niezawodnie, a oni mog\u0105 cieszy\u0107 si\u0119 spokojem i wygod\u0105 ka\u017cdego dnia.<\/p>\n<\/div><\/div>\n\n\n\n<div class=\"wp-block-uagb-container uagb-block-azwu08et alignfull uagb-is-root-container\"><div class=\"uagb-container-inner-blocks-wrap\">\n<div class=\"wp-block-uagb-image alignleft uagb-block-lbvgykpm wp-block-uagb-image--layout-default wp-block-uagb-image--effect-static wp-block-uagb-image--align-left\"><figure class=\"wp-block-uagb-image__figure\"><img loading=\"lazy\" decoding=\"async\" srcset=\"https:\/\/tebster.pl\/wp-content\/uploads\/2025\/09\/94f057854698899d189022205cf1-1024x1024.jpg ,https:\/\/tebster.pl\/wp-content\/uploads\/2025\/09\/94f057854698899d189022205cf1.jpg 780w, https:\/\/tebster.pl\/wp-content\/uploads\/2025\/09\/94f057854698899d189022205cf1.jpg 360w\" sizes=\"auto, (max-width: 480px) 150px\" src=\"https:\/\/tebster.pl\/wp-content\/uploads\/2025\/09\/94f057854698899d189022205cf1-1024x1024.jpg\" alt=\"\" class=\"uag-image-332\" width=\"606\" height=\"500\" title=\"94f057854698899d189022205cf1\" loading=\"lazy\" role=\"img\"\/><\/figure><\/div>\n\n\n\n<div class=\"wp-block-uagb-container uagb-block-8zzcuabx\">\n<div class=\"wp-block-uagb-info-box uagb-block-qy3xuks3 uagb-infobox__content-wrap  uagb-infobox-icon-above-title uagb-infobox-image-valign-top wp-block-uagb-info-box--has-margin\"><div class=\"uagb-infobox-margin-wrapper\"><div class=\"uagb-ifb-content\"><div class=\"uagb-ifb-title-wrap\"><p class=\"uagb-ifb-title-prefix\">Ch\u0119tnie pomo\u017cemy tak\u017ce Tobie<\/p><h1 class=\"uagb-ifb-title\">Poznaj nasz\u0105 ofert\u0119 i wybierz technologi\u0119, kt\u00f3ra zwi\u0119kszy komfort, bezpiecze\u0144stwo <br>i wygod\u0119 ka\u017cdego dnia.<\/h1><\/div><div class=\"uagb-ifb-separator\"><\/div><p class=\"uagb-ifb-desc\">Nie czekaj i zyskaj pe\u0142n\u0105 kontrol\u0119.<\/p><\/div><\/div><\/div>\n\n\n\n<div class=\"wp-block-uagb-buttons uagb-buttons__outer-wrap uagb-btn__default-btn uagb-btn-tablet__default-btn uagb-btn-mobile__default-btn uagb-block-b876b368\"><div class=\"uagb-buttons__wrap uagb-buttons-layout-wrap \">\n<div class=\"wp-block-uagb-buttons-child uagb-buttons__outer-wrap uagb-block-c20b58fb wp-block-button\"><div class=\"uagb-button__wrapper\"><a class=\"uagb-buttons-repeater wp-block-button__link\" aria-label=\"\" href=\"https:\/\/tebster.pl\/?page_id=310\" rel=\"follow noopener\" target=\"_self\" role=\"button\"><div class=\"uagb-button__link\">Nasza oferta<\/div><\/a><\/div><\/div>\n<\/div><\/div>\n<\/div>\n<\/div><\/div>\n\n\n\n<div class=\"wp-block-uagb-container uagb-block-dnm9k7bf alignfull uagb-is-root-container\"><div class=\"uagb-container-inner-blocks-wrap\">\n<div class=\"wp-block-uagb-info-box uagb-block-vzhn2mqe uagb-infobox__content-wrap  uagb-infobox-icon-above-title uagb-infobox-image-valign-top\"><div class=\"uagb-ifb-content\"><div class=\"uagb-ifb-title-wrap\"><p class=\"uagb-ifb-title-prefix\">OPINIE<\/p><h2 class=\"uagb-ifb-title\">Co klienci s\u0105dz\u0105 o naszych us\u0142ugach?<\/h2><\/div><p class=\"uagb-ifb-desc\">Poznaj ludzi, kt\u00f3rym nasza firma u\u0142atwi\u0142a \u017cycie.<\/p><\/div><\/div>\n\n\n\n<div class=\"wp-block-uagb-container uagb-block-mqmvglry\">\n<div class=\"wp-block-uagb-container uagb-block-97rjlrdm\">\n<div class=\"wp-block-uagb-star-rating uagb-block-6lzrc4ij\"><div class=\"uag-star-rating\" title=\"5\/5\"><span class=\"uag-star\">\u2605<\/span><span class=\"uag-star\">\u2605<\/span><span class=\"uag-star\">\u2605<\/span><span class=\"uag-star\">\u2605<\/span><span class=\"uag-star\">\u2605<\/span><\/div><\/div>\n\n\n\n<div class=\"wp-block-uagb-info-box uagb-block-9eou6al0 uagb-infobox__content-wrap  uagb-infobox-icon-above-title uagb-infobox-image-valign-top\"><div class=\"uagb-ifb-content\"><div class=\"uagb-ifb-title-wrap\"><\/div><p class=\"uagb-ifb-desc\">Niesamowita mo\u017cliwo\u015b\u0107 z doborem ulepsze\u0144, \u0141atwa i wygodna obs\u0142uga kamer, teraz ja i moja rodzina mo\u017cemy cieszy\u0107 si\u0119 bezpiecze\u0144stwem.<\/p><\/div><\/div>\n\n\n\n<div class=\"wp-block-uagb-info-box uagb-block-nuf3osji uagb-infobox__content-wrap  uagb-infobox-icon-above-title uagb-infobox-image-valign-top\"><div class=\"uagb-ifb-content\"><div class=\"uagb-ifb-image-content\"><img loading=\"lazy\" decoding=\"async\" src=\"https:\/\/tebster.pl\/wp-content\/uploads\/2025\/09\/testimonial-skip-06.jpg\" alt=\"\" width=\"48\" height=\"48\" loading=\"lazy\"\/><\/div><div class=\"uagb-ifb-title-wrap\"><p class=\"uagb-ifb-title\">Pawe\u0142 Kowalski<\/p><\/div><\/div><\/div>\n<\/div>\n\n\n\n<div class=\"wp-block-uagb-container uagb-block-iqs5rebt\">\n<div class=\"wp-block-uagb-star-rating uagb-block-mdczbpzr\"><div class=\"uag-star-rating\" title=\"5\/5\"><span class=\"uag-star\">\u2605<\/span><span class=\"uag-star\">\u2605<\/span><span class=\"uag-star\">\u2605<\/span><span class=\"uag-star\">\u2605<\/span><span class=\"uag-star\">\u2605<\/span><\/div><\/div>\n\n\n\n<div class=\"wp-block-uagb-info-box uagb-block-fqt64zmm uagb-infobox__content-wrap  uagb-infobox-icon-above-title uagb-infobox-image-valign-top\"><div class=\"uagb-ifb-content\"><div class=\"uagb-ifb-title-wrap\"><\/div><p class=\"uagb-ifb-desc\">Doskona\u0142a obs\u0142uga, szybka realizacja. Gor\u0105co polecam t\u0119 firm\u0119..<\/p><\/div><\/div>\n\n\n\n<div class=\"wp-block-uagb-info-box uagb-block-okzjepzm uagb-infobox__content-wrap  uagb-infobox-icon-above-title uagb-infobox-image-valign-top\"><div class=\"uagb-ifb-content\"><div class=\"uagb-ifb-image-content\"><img loading=\"lazy\" decoding=\"async\" src=\"https:\/\/tebster.pl\/wp-content\/uploads\/2025\/09\/testimonial-skip-13.jpg\" alt=\"\" width=\"48\" height=\"48\" loading=\"lazy\"\/><\/div><div class=\"uagb-ifb-title-wrap\"><p class=\"uagb-ifb-title\">Sara Nowak<\/p><\/div><\/div><\/div>\n<\/div>\n\n\n\n<div class=\"wp-block-uagb-container uagb-block-qhd0g38u\">\n<div class=\"wp-block-uagb-star-rating uagb-block-dsxmvrwm\"><div class=\"uag-star-rating\" title=\"5\/5\"><span class=\"uag-star\">\u2605<\/span><span class=\"uag-star\">\u2605<\/span><span class=\"uag-star\">\u2605<\/span><span class=\"uag-star\">\u2605<\/span><span class=\"uag-star\">\u2605<\/span><\/div><\/div>\n\n\n\n<div class=\"wp-block-uagb-info-box uagb-block-edetqf0x uagb-infobox__content-wrap  uagb-infobox-icon-above-title uagb-infobox-image-valign-top\"><div class=\"uagb-ifb-content\"><div class=\"uagb-ifb-title-wrap\"><\/div><p class=\"uagb-ifb-desc\">\u015awietne zastosowanie technologii, \u0142atwa obs\u0142uga zainstalowanych ulepsze\u0144. Bardzo wspomaga prac\u0119 w gospodarstwach rolnych.<\/p><\/div><\/div>\n\n\n\n<div class=\"wp-block-uagb-info-box uagb-block-ndavax80 uagb-infobox__content-wrap  uagb-infobox-icon-above-title uagb-infobox-image-valign-top\"><div class=\"uagb-ifb-content\"><div class=\"uagb-ifb-image-content\"><img loading=\"lazy\" decoding=\"async\" src=\"https:\/\/tebster.pl\/wp-content\/uploads\/2025\/09\/testimonial-skip-09.jpg\" alt=\"\" width=\"48\" height=\"48\" loading=\"lazy\"\/><\/div><div class=\"uagb-ifb-title-wrap\"><p class=\"uagb-ifb-title\">Przemys\u0142aw Jakubowski<\/p><\/div><\/div><\/div>\n<\/div>\n<\/div>\n<\/div><\/div>\n\n\n\n<p><\/p>\n","protected":false},"excerpt":{"rendered":"<p>Specjalizujemy si\u0119 w rozwi\u0105zaniach bezpiecze\u0144stwa i automatyki dla dom\u00f3w, firm oraz gospodarstw rolnych. Dobieramy technologie, kt\u00f3re odpowiadaj\u0105 praktycznym potrzebom i [&hellip;]<\/p>\n","protected":false},"author":1,"featured_media":0,"parent":0,"menu_order":0,"comment_status":"closed","ping_status":"closed","template":"","meta":{"_uag_custom_page_level_css":"","site-sidebar-layout":"default","site-content-layout":"","ast-site-content-layout":"default","site-content-style":"default","site-sidebar-style":"default","ast-global-header-display":"","ast-banner-title-visibility":"","ast-main-header-display":"","ast-hfb-above-header-display":"","ast-hfb-below-header-display":"","ast-hfb-mobile-header-display":"","site-post-title":"disabled","ast-breadcrumbs-content":"","ast-featured-img":"","footer-sml-layout":"","theme-transparent-header-meta":"","adv-header-id-meta":"","stick-header-meta":"","header-above-stick-meta":"","header-main-stick-meta":"","header-below-stick-meta":"","astra-migrate-meta-layouts":"default","ast-page-background-enabled":"default","ast-page-background-meta":{"desktop":{"background-color":"var(--ast-global-color-5)","background-image":"","background-repeat":"repeat","background-position":"center center","background-size":"auto","background-attachment":"scroll","background-type":"","background-media":"","overlay-type":"","overlay-color":"","overlay-opacity":"","overlay-gradient":""},"tablet":{"background-color":"","background-image":"","background-repeat":"repeat","background-position":"center center","background-size":"auto","background-attachment":"scroll","background-type":"","background-media":"","overlay-type":"","overlay-color":"","overlay-opacity":"","overlay-gradient":""},"mobile":{"background-color":"","background-image":"","background-repeat":"repeat","background-position":"center center","background-size":"auto","background-attachment":"scroll","background-type":"","background-media":"","overlay-type":"","overlay-color":"","overlay-opacity":"","overlay-gradient":""}},"ast-content-background-meta":{"desktop":{"background-color":"var(--ast-global-color-4)","background-image":"","background-repeat":"repeat","background-position":"center center","background-size":"auto","background-attachment":"scroll","background-type":"","background-media":"","overlay-type":"","overlay-color":"","overlay-opacity":"","overlay-gradient":""},"tablet":{"background-color":"var(--ast-global-color-4)","background-image":"","background-repeat":"repeat","background-position":"center center","background-size":"auto","background-attachment":"scroll","background-type":"","background-media":"","overlay-type":"","overlay-color":"","overlay-opacity":"","overlay-gradient":""},"mobile":{"background-color":"var(--ast-global-color-4)","background-image":"","background-repeat":"repeat","background-position":"center center","background-size":"auto","background-attachment":"scroll","background-type":"","background-media":"","overlay-type":"","overlay-color":"","overlay-opacity":"","overlay-gradient":""}},"footnotes":""},"class_list":["post-358","page","type-page","status-publish","hentry"],"uagb_featured_image_src":{"full":false,"thumbnail":false,"medium":false,"medium_large":false,"large":false,"1536x1536":false,"2048x2048":false},"uagb_author_info":{"display_name":"admin5466","author_link":"https:\/\/tebster.pl\/?author=1"},"uagb_comment_info":0,"uagb_excerpt":"Specjalizujemy si\u0119 w rozwi\u0105zaniach bezpiecze\u0144stwa i automatyki dla dom\u00f3w, firm oraz gospodarstw rolnych. Dobieramy technologie, kt\u00f3re odpowiadaj\u0105 praktycznym potrzebom i [&hellip;]","_links":{"self":[{"href":"https:\/\/tebster.pl\/index.php?rest_route=\/wp\/v2\/pages\/358","targetHints":{"allow":["GET"]}}],"collection":[{"href":"https:\/\/tebster.pl\/index.php?rest_route=\/wp\/v2\/pages"}],"about":[{"href":"https:\/\/tebster.pl\/index.php?rest_route=\/wp\/v2\/types\/page"}],"author":[{"embeddable":true,"href":"https:\/\/tebster.pl\/index.php?rest_route=\/wp\/v2\/users\/1"}],"replies":[{"embeddable":true,"href":"https:\/\/tebster.pl\/index.php?rest_route=%2Fwp%2Fv2%2Fcomments&post=358"}],"version-history":[{"count":28,"href":"https:\/\/tebster.pl\/index.php?rest_route=\/wp\/v2\/pages\/358\/revisions"}],"predecessor-version":[{"id":678,"href":"https:\/\/tebster.pl\/index.php?rest_route=\/wp\/v2\/pages\/358\/revisions\/678"}],"wp:attachment":[{"href":"https:\/\/tebster.pl\/index.php?rest_route=%2Fwp%2Fv2%2Fmedia&parent=358"}],"curies":[{"name":"wp","href":"https:\/\/api.w.org\/{rel}","templated":true}]}}