{"id":310,"date":"2025-09-01T11:10:04","date_gmt":"2025-09-01T11:10:04","guid":{"rendered":"https:\/\/tebster.pl\/?page_id=310"},"modified":"2026-01-08T14:18:38","modified_gmt":"2026-01-08T14:18:38","slug":"oferta","status":"publish","type":"page","link":"https:\/\/tebster.pl\/?page_id=310","title":{"rendered":"Oferta"},"content":{"rendered":"\n<div class=\"wp-block-uagb-container uagb-block-w8ifsuvl alignfull uagb-is-root-container\"><div class=\"uagb-container-inner-blocks-wrap\">\n<div class=\"wp-block-uagb-info-box uagb-block-o6gi7idp uagb-infobox__content-wrap  uagb-infobox-icon-above-title uagb-infobox-image-valign-top\"><div class=\"uagb-ifb-content\"><div class=\"uagb-ifb-title-wrap\"><p class=\"uagb-ifb-title-prefix\">Dostosuj nasze rozwi\u0105zania do swoich potrzeb<\/p><h1 class=\"uagb-ifb-title\">Poznaj nasz\u0105 ofert\u0119<\/h1><\/div><\/div><\/div>\n<\/div><\/div>\n\n\n\n<div class=\"wp-block-uagb-container uagb-block-ftxszfzn alignfull uagb-is-root-container\"><div class=\"uagb-container-inner-blocks-wrap\">\n<div class=\"wp-block-uagb-info-box uagb-block-jdffdzpq uagb-infobox__content-wrap  uagb-infobox-icon-above-title uagb-infobox-image-valign-top wp-block-uagb-info-box--has-margin\"><div class=\"uagb-infobox-margin-wrapper\"><div class=\"uagb-ifb-content\"><div class=\"uagb-ifb-title-wrap\"><h2 class=\"uagb-ifb-title\">Poznaj bli\u017cej technologi\u0119, kt\u00f3rej u\u017cywamy.<\/h2><\/div><p class=\"uagb-ifb-desc\">Korzystamy z najwy\u017cszej jako\u015bci sprz\u0119t\u00f3w, by\u015b m\u00f3g\u0142 cieszy\u0107 si\u0119 nasz\u0105 realizacj\u0105 jak najd\u0142u\u017cej.<\/p><\/div><\/div><\/div>\n\n\n\n<div class=\"wp-block-uagb-container uagb-block-oifbpuaf\">\n<div class=\"wp-block-uagb-separator uagb-block-dflmb3or\"><div class=\"wp-block-uagb-separator__inner\" style=\"--my-background-image:\"><\/div><\/div>\n\n\n\n<div class=\"wp-block-uagb-container uagb-layout-grid uagb-block-2bqljnpu\">\n<div class=\"wp-block-uagb-image alignright uagb-block-zhedc2xw wp-block-uagb-image--layout-default wp-block-uagb-image--effect-static wp-block-uagb-image--align-right alignleft\"><figure class=\"wp-block-uagb-image__figure\"><img loading=\"lazy\" decoding=\"async\" srcset=\"https:\/\/tebster.pl\/wp-content\/uploads\/2025\/10\/kamery.jpg ,https:\/\/tebster.pl\/wp-content\/uploads\/2025\/10\/kamery.jpg 780w, https:\/\/tebster.pl\/wp-content\/uploads\/2025\/10\/kamery.jpg 360w\" sizes=\"auto, (max-width: 480px) 150px\" src=\"https:\/\/tebster.pl\/wp-content\/uploads\/2025\/10\/kamery.jpg\" alt=\"\" class=\"uag-image-454\" width=\"776\" height=\"466\" title=\"kamery\" loading=\"lazy\" role=\"img\"\/><\/figure><\/div>\n\n\n\n<div class=\"wp-block-uagb-info-box uagb-block-7npehii2 uagb-infobox__content-wrap  uagb-infobox-icon-above-title uagb-infobox-image-valign-top\"><div class=\"uagb-ifb-content\"><div class=\"uagb-ifb-title-wrap\"><p class=\"uagb-ifb-title-prefix\">01<\/p><h3 class=\"uagb-ifb-title\">Monitoring IP<\/h3><\/div><p class=\"uagb-ifb-desc\">Nowoczesne kamery dzia\u0142aj\u0105ce w sieci, zapewniaj\u0105ce <br>podgl\u0105d na \u017cywo i zapis obrazu w wysokiej jako\u015bci.<\/p><\/div><\/div>\n<\/div>\n\n\n\n<div class=\"wp-block-uagb-separator uagb-block-93a375d1\"><div class=\"wp-block-uagb-separator__inner\" style=\"--my-background-image:\"><\/div><\/div>\n\n\n\n<div class=\"wp-block-uagb-container uagb-layout-grid uagb-block-eunjhnfm\">\n<div class=\"wp-block-uagb-image alignleft uagb-block-gs39dxgh wp-block-uagb-image--layout-default wp-block-uagb-image--effect-static wp-block-uagb-image--align-left\"><figure class=\"wp-block-uagb-image__figure\"><img loading=\"lazy\" decoding=\"async\" srcset=\"https:\/\/tebster.pl\/wp-content\/uploads\/2025\/10\/alarm.jpg ,https:\/\/tebster.pl\/wp-content\/uploads\/2025\/10\/alarm.jpg 780w, https:\/\/tebster.pl\/wp-content\/uploads\/2025\/10\/alarm.jpg 360w\" sizes=\"auto, (max-width: 480px) 150px\" src=\"https:\/\/tebster.pl\/wp-content\/uploads\/2025\/10\/alarm.jpg\" alt=\"\" class=\"uag-image-453\" width=\"776\" height=\"466\" title=\"alarm\" loading=\"lazy\" role=\"img\"\/><\/figure><\/div>\n\n\n\n<div class=\"wp-block-uagb-info-box uagb-block-iw2zgmfk uagb-infobox__content-wrap  uagb-infobox-icon-above-title uagb-infobox-image-valign-top\"><div class=\"uagb-ifb-content\"><div class=\"uagb-ifb-title-wrap\"><p class=\"uagb-ifb-title-prefix\">02<\/p><h3 class=\"uagb-ifb-title\">Alarmy i czujniki ruchu<\/h3><\/div><p class=\"uagb-ifb-desc\">Systemy, kt\u00f3re natychmiast reaguj\u0105 na intruza, <br>chroni\u0105c dom, firm\u0119 czy gospodarstwo.<\/p><\/div><\/div>\n<\/div>\n\n\n\n<div class=\"wp-block-uagb-separator uagb-block-uhlvbpv4\"><div class=\"wp-block-uagb-separator__inner\" style=\"--my-background-image:\"><\/div><\/div>\n\n\n\n<div class=\"wp-block-uagb-container uagb-layout-grid uagb-block-ocozybqr\">\n<div class=\"wp-block-uagb-image alignleft uagb-block-hrndmrts wp-block-uagb-image--layout-default wp-block-uagb-image--effect-static wp-block-uagb-image--align-left\"><figure class=\"wp-block-uagb-image__figure\"><img loading=\"lazy\" decoding=\"async\" srcset=\"https:\/\/tebster.pl\/wp-content\/uploads\/2025\/10\/wideodomofon.jpg ,https:\/\/tebster.pl\/wp-content\/uploads\/2025\/10\/wideodomofon.jpg 780w, https:\/\/tebster.pl\/wp-content\/uploads\/2025\/10\/wideodomofon.jpg 360w\" sizes=\"auto, (max-width: 480px) 150px\" src=\"https:\/\/tebster.pl\/wp-content\/uploads\/2025\/10\/wideodomofon.jpg\" alt=\"\" class=\"uag-image-455\" width=\"776\" height=\"466\" title=\"wideodomofon\" loading=\"lazy\" role=\"img\"\/><\/figure><\/div>\n\n\n\n<div class=\"wp-block-uagb-info-box uagb-block-zz9bw3is uagb-infobox__content-wrap  uagb-infobox-icon-above-title uagb-infobox-image-valign-top\"><div class=\"uagb-ifb-content\"><div class=\"uagb-ifb-title-wrap\"><p class=\"uagb-ifb-title-prefix\">03<\/p><h3 class=\"uagb-ifb-title\"><strong>Wideodomofony<\/strong><\/h3><\/div><p class=\"uagb-ifb-desc\">Wygodne rozwi\u0105zanie pozwalaj\u0105ce zobaczy\u0107 i porozmawia\u0107 <br>z osob\u0105 przy wej\u015bciu, zanim otworzysz drzwi lub bram\u0119.<\/p><\/div><\/div>\n<\/div>\n\n\n\n<div class=\"wp-block-uagb-separator uagb-block-c0crvcz8\"><div class=\"wp-block-uagb-separator__inner\" style=\"--my-background-image:\"><\/div><\/div>\n\n\n\n<div class=\"wp-block-uagb-container uagb-layout-grid uagb-block-2shyxcm1\">\n<div class=\"wp-block-uagb-image aligncenter uagb-block-ftfc2mza wp-block-uagb-image--layout-default wp-block-uagb-image--effect-static wp-block-uagb-image--align-center alignleft\"><figure class=\"wp-block-uagb-image__figure\"><img loading=\"lazy\" decoding=\"async\" srcset=\"https:\/\/tebster.pl\/wp-content\/uploads\/2025\/10\/naped-do-bramy.jpg ,https:\/\/tebster.pl\/wp-content\/uploads\/2025\/10\/naped-do-bramy.jpg 780w, https:\/\/tebster.pl\/wp-content\/uploads\/2025\/10\/naped-do-bramy.jpg 360w\" sizes=\"auto, (max-width: 480px) 150px\" src=\"https:\/\/tebster.pl\/wp-content\/uploads\/2025\/10\/naped-do-bramy.jpg\" alt=\"\" class=\"uag-image-456\" width=\"776\" height=\"466\" title=\"nap\u0119d do bramy\" loading=\"lazy\" role=\"img\"\/><\/figure><\/div>\n\n\n\n<div class=\"wp-block-uagb-info-box uagb-block-2i3habot uagb-infobox__content-wrap  uagb-infobox-icon-above-title uagb-infobox-image-valign-top\"><div class=\"uagb-ifb-content\"><div class=\"uagb-ifb-title-wrap\"><p class=\"uagb-ifb-title-prefix\">04<\/p><h3 class=\"uagb-ifb-title\">Nap\u0119dy do bram<\/h3><\/div><p class=\"uagb-ifb-desc\">Automatyczne systemy otwierania i zamykania bram, <br>zapewniaj\u0105ce wygod\u0119 i bezpiecze\u0144stwo u\u017cytkowania.<\/p><\/div><\/div>\n<\/div>\n\n\n\n<div class=\"wp-block-uagb-separator uagb-block-0c04547d\"><div class=\"wp-block-uagb-separator__inner\" style=\"--my-background-image:\"><\/div><\/div>\n\n\n\n<div class=\"wp-block-uagb-container uagb-layout-grid uagb-block-b87d190e\">\n<div class=\"wp-block-uagb-image alignleft uagb-block-819e9566 wp-block-uagb-image--layout-default wp-block-uagb-image--effect-static wp-block-uagb-image--align-left\"><figure class=\"wp-block-uagb-image__figure\"><img loading=\"lazy\" decoding=\"async\" srcset=\"https:\/\/tebster.pl\/wp-content\/uploads\/2025\/10\/podlogowka.jpg ,https:\/\/tebster.pl\/wp-content\/uploads\/2025\/10\/podlogowka.jpg 780w, https:\/\/tebster.pl\/wp-content\/uploads\/2025\/10\/podlogowka.jpg 360w\" sizes=\"auto, (max-width: 480px) 150px\" src=\"https:\/\/tebster.pl\/wp-content\/uploads\/2025\/10\/podlogowka.jpg\" alt=\"\" class=\"uag-image-457\" width=\"776\" height=\"466\" title=\"pod\u0142og\u00f3wka\" loading=\"lazy\" role=\"img\"\/><\/figure><\/div>\n\n\n\n<div class=\"wp-block-uagb-info-box uagb-block-362ae802 uagb-infobox__content-wrap  uagb-infobox-icon-above-title uagb-infobox-image-valign-top\"><div class=\"uagb-ifb-content\"><div class=\"uagb-ifb-title-wrap\"><p class=\"uagb-ifb-title-prefix\">05<\/p><h3 class=\"uagb-ifb-title\">Sterowniki do ogrzewania pod\u0142ogowego<\/h3><\/div><p class=\"uagb-ifb-desc\">Urz\u0105dzenia do sterowania ogrzewaniem pod\u0142ogowym, reguluj\u0105ce temperatur\u0119 <br>w pomieszczeniach, aby zapewni\u0107 komfort cieplny i oszcz\u0119dno\u015b\u0107 energii.<\/p><\/div><\/div>\n<\/div>\n\n\n\n<div class=\"wp-block-uagb-separator uagb-block-5e8b19cb\"><div class=\"wp-block-uagb-separator__inner\" style=\"--my-background-image:\"><\/div><\/div>\n\n\n\n<div class=\"wp-block-uagb-container uagb-layout-grid uagb-block-74a6ed91\">\n<div class=\"wp-block-uagb-image alignleft uagb-block-143dd30f wp-block-uagb-image--layout-default wp-block-uagb-image--effect-static wp-block-uagb-image--align-left\"><figure class=\"wp-block-uagb-image__figure\"><img loading=\"lazy\" decoding=\"async\" srcset=\"https:\/\/tebster.pl\/wp-content\/uploads\/2025\/10\/sinum.jpg ,https:\/\/tebster.pl\/wp-content\/uploads\/2025\/10\/sinum.jpg 780w, https:\/\/tebster.pl\/wp-content\/uploads\/2025\/10\/sinum.jpg 360w\" sizes=\"auto, (max-width: 480px) 150px\" src=\"https:\/\/tebster.pl\/wp-content\/uploads\/2025\/10\/sinum.jpg\" alt=\"\" class=\"uag-image-458\" width=\"776\" height=\"466\" title=\"sinum\" loading=\"lazy\" role=\"img\"\/><\/figure><\/div>\n\n\n\n<div class=\"wp-block-uagb-info-box uagb-block-75c94c5e uagb-infobox__content-wrap  uagb-infobox-icon-above-title uagb-infobox-image-valign-top\"><div class=\"uagb-ifb-content\"><div class=\"uagb-ifb-title-wrap\"><p class=\"uagb-ifb-title-prefix\">06<\/p><h3 class=\"uagb-ifb-title\"><strong>Sinum \u2013 system smart home<\/strong><\/h3><\/div><p class=\"uagb-ifb-desc\">Integruje ogrzewanie, o\u015bwietlenie i inne urz\u0105dzenia w domu, umo\u017cliwiaj\u0105c <br>sterowanie z poziomu aplikacji.<\/p><\/div><\/div>\n<\/div>\n\n\n\n<div class=\"wp-block-uagb-separator uagb-block-d827033f\"><div class=\"wp-block-uagb-separator__inner\" style=\"--my-background-image:\"><\/div><\/div>\n\n\n\n<div class=\"wp-block-uagb-container uagb-layout-grid uagb-block-bce9e32b\">\n<div class=\"wp-block-uagb-image alignleft uagb-block-62698cba wp-block-uagb-image--layout-default wp-block-uagb-image--effect-static wp-block-uagb-image--align-left\"><figure class=\"wp-block-uagb-image__figure\"><img loading=\"lazy\" decoding=\"async\" srcset=\"https:\/\/tebster.pl\/wp-content\/uploads\/2025\/10\/kamera_poprawka.jpg ,https:\/\/tebster.pl\/wp-content\/uploads\/2025\/10\/kamera_poprawka.jpg 780w, https:\/\/tebster.pl\/wp-content\/uploads\/2025\/10\/kamera_poprawka.jpg 360w\" sizes=\"auto, (max-width: 480px) 150px\" src=\"https:\/\/tebster.pl\/wp-content\/uploads\/2025\/10\/kamera_poprawka.jpg\" alt=\"\" class=\"uag-image-487\" width=\"776\" height=\"466\" title=\"kamera_poprawka\" loading=\"lazy\" role=\"img\"\/><\/figure><\/div>\n\n\n\n<div class=\"wp-block-uagb-info-box uagb-block-1b81631a uagb-infobox__content-wrap  uagb-infobox-icon-above-title uagb-infobox-image-valign-top\"><div class=\"uagb-ifb-content\"><div class=\"uagb-ifb-title-wrap\"><p class=\"uagb-ifb-title-prefix\">07<\/p><h3 class=\"uagb-ifb-title\">Kamery solarne do deszczowni<\/h3><\/div><p class=\"uagb-ifb-desc\">Bezprzewodowe kamery zasilane energi\u0105 s\u0142oneczn\u0105, <br>idealne do monitorowania pracy deszczowni.<\/p><\/div><\/div>\n<\/div>\n\n\n\n<div class=\"wp-block-uagb-separator uagb-block-37e3d9e9\"><div class=\"wp-block-uagb-separator__inner\" style=\"--my-background-image:\"><\/div><\/div>\n\n\n\n<div class=\"wp-block-uagb-container uagb-layout-grid uagb-block-5008dc67\">\n<div class=\"wp-block-uagb-image alignleft uagb-block-a995d460 wp-block-uagb-image--layout-default wp-block-uagb-image--effect-static wp-block-uagb-image--align-left\"><figure class=\"wp-block-uagb-image__figure\"><img loading=\"lazy\" decoding=\"async\" srcset=\"https:\/\/tebster.pl\/wp-content\/uploads\/2025\/10\/Nowy-projekt-13.jpg ,https:\/\/tebster.pl\/wp-content\/uploads\/2025\/10\/Nowy-projekt-13.jpg 780w, https:\/\/tebster.pl\/wp-content\/uploads\/2025\/10\/Nowy-projekt-13.jpg 360w\" sizes=\"auto, (max-width: 480px) 150px\" src=\"https:\/\/tebster.pl\/wp-content\/uploads\/2025\/10\/Nowy-projekt-13.jpg\" alt=\"\" class=\"uag-image-489\" width=\"776\" height=\"466\" title=\"Nowy projekt (13)\" loading=\"lazy\" role=\"img\"\/><\/figure><\/div>\n\n\n\n<div class=\"wp-block-uagb-info-box uagb-block-b734dfab uagb-infobox__content-wrap  uagb-infobox-icon-above-title uagb-infobox-image-valign-top\"><div class=\"uagb-ifb-content\"><div class=\"uagb-ifb-title-wrap\"><p class=\"uagb-ifb-title-prefix\">08<\/p><h3 class=\"uagb-ifb-title\">Komputery steruj\u0105ce do deszczowni<\/h3><\/div><p class=\"uagb-ifb-desc\">Zaawansowane systemy automatyki umo\u017cliwiaj\u0105ce <br>precyzyjne i zdalne zarz\u0105dzanie nawadnianiem.<\/p><\/div><\/div>\n<\/div>\n<\/div>\n<\/div><\/div>\n\n\n\n<div class=\"wp-block-uagb-container uagb-block-m4ok84gk alignfull uagb-is-root-container\"><div class=\"uagb-container-inner-blocks-wrap\">\n<div class=\"wp-block-uagb-info-box uagb-block-xiocctig uagb-infobox__content-wrap  uagb-infobox-icon-above-title uagb-infobox-image-valign-top wp-block-uagb-info-box--has-margin\"><div class=\"uagb-infobox-margin-wrapper\"><div class=\"uagb-ifb-content\"><div class=\"uagb-ifb-title-wrap\"><h1 class=\"uagb-ifb-title\">Jak pozna\u0107 cen\u0119?<\/h1><\/div><p class=\"uagb-ifb-desc\">Ka\u017cda instalacja jest inna, a koszt zale\u017cy m.in. od wielko\u015bci obiektu, liczby urz\u0105dze\u0144 i indywidualnych potrzeb, dlatego przygotowujemy wyceny dopasowane do konkretnego klienta.<\/p><\/div><\/div><\/div>\n<\/div><\/div>\n\n\n\n<div class=\"wp-block-uagb-container uagb-block-kkyqz1a5 alignfull uagb-is-root-container\"><div class=\"uagb-container-inner-blocks-wrap\">\n<p class=\"has-text-align-center has-ast-global-color-6-color has-text-color has-link-color wp-elements-6270dd8c1a47e315d65c70e117f79998\" style=\"font-size:20px\"><strong>Je\u015bli chcesz otrzyma\u0107 wycen\u0119, opisz w formularzu kontaktowym, <\/strong><br><strong>czego potrzebujesz <\/strong><strong>za pomoc\u0105 3 prostych krok\u00f3w.<\/strong><\/p>\n\n\n\n<div class=\"wp-block-uagb-container uagb-block-jjygwy8t\">\n<div class=\"wp-block-uagb-container uagb-block-7uookmiu\">\n<div class=\"wp-block-uagb-info-box uagb-block-9rkolqfo uagb-infobox__content-wrap  uagb-infobox-icon-above-title uagb-infobox-image-valign-top\"><div class=\"uagb-ifb-content\"><div class=\"uagb-ifb-title-wrap\"><p class=\"uagb-ifb-title-prefix\">01<\/p><h3 class=\"uagb-ifb-title\">Napisz nam, czego potrzebujesz <\/h3><\/div><p class=\"uagb-ifb-desc\">np. monitoring domu, alarm, sterowanie deszczowni\u0105.<\/p><\/div><\/div>\n<\/div>\n\n\n\n<div class=\"wp-block-uagb-container uagb-block-ebs974nr\">\n<div class=\"wp-block-uagb-info-box uagb-block-thbmbdtk uagb-infobox__content-wrap  uagb-infobox-icon-above-title uagb-infobox-image-valign-top\"><div class=\"uagb-ifb-content\"><div class=\"uagb-ifb-title-wrap\"><p class=\"uagb-ifb-title-prefix\">02<\/p><h3 class=\"uagb-ifb-title\">Podaj orientacyjn\u0105 wielko\u015b\u0107 obiektu lub liczb\u0119 pomieszcze\u0144.<\/h3><\/div><p class=\"uagb-ifb-desc\">np. 120m<sup>2<\/sup>, 5 pokoi.<\/p><\/div><\/div>\n<\/div>\n\n\n\n<div class=\"wp-block-uagb-container uagb-block-3rnwd87s\">\n<div class=\"wp-block-uagb-info-box uagb-block-srdnko74 uagb-infobox__content-wrap  uagb-infobox-icon-above-title uagb-infobox-image-valign-top\"><div class=\"uagb-ifb-content\"><div class=\"uagb-ifb-title-wrap\"><p class=\"uagb-ifb-title-prefix\">03<\/p><h3 class=\"uagb-ifb-title\">Dodaj dodatkowe informacje<\/h3><\/div><p class=\"uagb-ifb-desc\">np. czy interesuje Ci\u0119 rozwi\u0105zanie przewodowe czy bezprzewodowe.<br><\/p><\/div><\/div>\n<\/div>\n<\/div>\n\n\n\n<div class=\"wp-block-uagb-buttons uagb-buttons__outer-wrap uagb-btn__default-btn uagb-btn-tablet__default-btn uagb-btn-mobile__default-btn uagb-block-deaed29a\"><div class=\"uagb-buttons__wrap uagb-buttons-layout-wrap \">\n<div class=\"wp-block-uagb-buttons-child uagb-buttons__outer-wrap uagb-block-ff20887a wp-block-button\" id=\"https:\/\/tebster.pl\/?page_id=373\"><div class=\"uagb-button__wrapper\"><a class=\"uagb-buttons-repeater wp-block-button__link\" aria-label=\"\" href=\"https:\/\/tebster.pl\/?page_id=373\" rel=\"follow noopener\" target=\"_self\" role=\"button\"><div class=\"uagb-button__link\">Formularz kontaktowy<\/div><\/a><\/div><\/div>\n<\/div><\/div>\n<\/div><\/div>\n\n\n\n<div class=\"wp-block-uagb-container uagb-block-52604c19 alignfull uagb-is-root-container\"><div class=\"uagb-container-inner-blocks-wrap\"><\/div><\/div>\n\n\n\n<div class=\"wp-block-uagb-container uagb-block-0513bb8e alignfull uagb-is-root-container\"><div class=\"uagb-container-inner-blocks-wrap\"><\/div><\/div>\n\n\n\n<p><\/p>\n","protected":false},"excerpt":{"rendered":"<p>Je\u015bli chcesz otrzyma\u0107 wycen\u0119, opisz w formularzu kontaktowym, czego potrzebujesz za pomoc\u0105 3 prostych krok\u00f3w.<\/p>\n","protected":false},"author":1,"featured_media":0,"parent":0,"menu_order":0,"comment_status":"closed","ping_status":"closed","template":"","meta":{"_uag_custom_page_level_css":"","site-sidebar-layout":"default","site-content-layout":"","ast-site-content-layout":"default","site-content-style":"default","site-sidebar-style":"default","ast-global-header-display":"","ast-banner-title-visibility":"","ast-main-header-display":"","ast-hfb-above-header-display":"","ast-hfb-below-header-display":"","ast-hfb-mobile-header-display":"","site-post-title":"disabled","ast-breadcrumbs-content":"","ast-featured-img":"","footer-sml-layout":"","theme-transparent-header-meta":"","adv-header-id-meta":"","stick-header-meta":"","header-above-stick-meta":"","header-main-stick-meta":"","header-below-stick-meta":"","astra-migrate-meta-layouts":"default","ast-page-background-enabled":"default","ast-page-background-meta":{"desktop":{"background-color":"var(--ast-global-color-5)","background-image":"","background-repeat":"repeat","background-position":"center center","background-size":"auto","background-attachment":"scroll","background-type":"","background-media":"","overlay-type":"","overlay-color":"","overlay-opacity":"","overlay-gradient":""},"tablet":{"background-color":"","background-image":"","background-repeat":"repeat","background-position":"center center","background-size":"auto","background-attachment":"scroll","background-type":"","background-media":"","overlay-type":"","overlay-color":"","overlay-opacity":"","overlay-gradient":""},"mobile":{"background-color":"","background-image":"","background-repeat":"repeat","background-position":"center center","background-size":"auto","background-attachment":"scroll","background-type":"","background-media":"","overlay-type":"","overlay-color":"","overlay-opacity":"","overlay-gradient":""}},"ast-content-background-meta":{"desktop":{"background-color":"var(--ast-global-color-4)","background-image":"","background-repeat":"repeat","background-position":"center center","background-size":"auto","background-attachment":"scroll","background-type":"","background-media":"","overlay-type":"","overlay-color":"","overlay-opacity":"","overlay-gradient":""},"tablet":{"background-color":"var(--ast-global-color-4)","background-image":"","background-repeat":"repeat","background-position":"center center","background-size":"auto","background-attachment":"scroll","background-type":"","background-media":"","overlay-type":"","overlay-color":"","overlay-opacity":"","overlay-gradient":""},"mobile":{"background-color":"var(--ast-global-color-4)","background-image":"","background-repeat":"repeat","background-position":"center center","background-size":"auto","background-attachment":"scroll","background-type":"","background-media":"","overlay-type":"","overlay-color":"","overlay-opacity":"","overlay-gradient":""}},"footnotes":""},"class_list":["post-310","page","type-page","status-publish","hentry"],"uagb_featured_image_src":{"full":false,"thumbnail":false,"medium":false,"medium_large":false,"large":false,"1536x1536":false,"2048x2048":false},"uagb_author_info":{"display_name":"admin5466","author_link":"https:\/\/tebster.pl\/?author=1"},"uagb_comment_info":0,"uagb_excerpt":"Je\u015bli chcesz otrzyma\u0107 wycen\u0119, opisz w formularzu kontaktowym, czego potrzebujesz za pomoc\u0105 3 prostych krok\u00f3w.","_links":{"self":[{"href":"https:\/\/tebster.pl\/index.php?rest_route=\/wp\/v2\/pages\/310","targetHints":{"allow":["GET"]}}],"collection":[{"href":"https:\/\/tebster.pl\/index.php?rest_route=\/wp\/v2\/pages"}],"about":[{"href":"https:\/\/tebster.pl\/index.php?rest_route=\/wp\/v2\/types\/page"}],"author":[{"embeddable":true,"href":"https:\/\/tebster.pl\/index.php?rest_route=\/wp\/v2\/users\/1"}],"replies":[{"embeddable":true,"href":"https:\/\/tebster.pl\/index.php?rest_route=%2Fwp%2Fv2%2Fcomments&post=310"}],"version-history":[{"count":40,"href":"https:\/\/tebster.pl\/index.php?rest_route=\/wp\/v2\/pages\/310\/revisions"}],"predecessor-version":[{"id":684,"href":"https:\/\/tebster.pl\/index.php?rest_route=\/wp\/v2\/pages\/310\/revisions\/684"}],"wp:attachment":[{"href":"https:\/\/tebster.pl\/index.php?rest_route=%2Fwp%2Fv2%2Fmedia&parent=310"}],"curies":[{"name":"wp","href":"https:\/\/api.w.org\/{rel}","templated":true}]}}